{"id":2,"date":"2018-11-04T20:22:56","date_gmt":"2018-11-05T00:22:56","guid":{"rendered":"https:\/\/wtcv.net\/commerce\/?page_id=2"},"modified":"2018-12-30T14:17:05","modified_gmt":"2018-12-30T18:17:05","slug":"a-cerca-de","status":"publish","type":"page","link":"https:\/\/wtcv.net\/commerce\/a-cerca-de\/","title":{"rendered":"A cerca de"},"content":{"rendered":"<p>WTC Audiovisual Services &amp; Productions\u00a0\u00ae\u00a0 en una Marca con est\u00e1ndares de calidad internacional que gestiona la actividad Publicitaria, Medios de Comunicaci\u00f3n, Creaci\u00f3n de Contenidos y Servicios Audiovisuales.\u00a0<\/p>\n<p>Proesa Eventos C.A. es una empresa privada, constituida en Venezuela, Estado Carabobo, dedicada a la producci\u00f3n audiovisual, radiof\u00f3nica, publicidad digital, medios de comunicaci\u00f3n y alquiler de sistemas audiovisuales. Especializada en la cobertura de producciones y eventos relacionados con la comunicaci\u00f3n en vivo o en diferido dentro del sector empresarial e institucional.<\/p>\n<p>Actualmente Somos parte del Consorcio que brinda plataforma tecnol\u00f3gica a las actividades de los Usuarios del Centro de Convenciones World Trade Center Valencia.<\/p>\n<p>Hacer negocios con WTC Audiovisual Services &amp; Productions\u00a0\u00ae y Proesa Eventos, C.A., le da a Usted garat\u00eda de respaldo y solidez de un grupo empresarial est\u00e1blecido hace m\u00e1s de 20 a\u00f1os.\u00a0<\/p>\n\n\n<p class=\"wp-block-paragraph\"><\/p>\n","protected":false},"excerpt":{"rendered":"<p>WTC Audiovisual Services &amp; Productions\u00a0\u00ae\u00a0 en una Marca con est\u00e1ndares de calidad internacional que gestiona la actividad Publicitaria, Medios de Comunicaci\u00f3n, Creaci\u00f3n de Contenidos y Servicios Audiovisuales.\u00a0 Proesa Eventos C.A. es una empresa privada, constituida en Venezuela, Estado Carabobo, dedicada a la producci\u00f3n audiovisual, radiof\u00f3nica, publicidad digital, medios de comunicaci\u00f3n y alquiler de sistemas audiovisuales. [&hellip;]<\/p>\n","protected":false},"author":1,"featured_media":0,"parent":0,"menu_order":0,"comment_status":"closed","ping_status":"closed","template":"","meta":{"_crdt_document":"","footnotes":""},"class_list":["post-2","page","type-page","status-publish","hentry"],"_links":{"self":[{"href":"https:\/\/wtcv.net\/commerce\/wp-json\/wp\/v2\/pages\/2","targetHints":{"allow":["GET"]}}],"collection":[{"href":"https:\/\/wtcv.net\/commerce\/wp-json\/wp\/v2\/pages"}],"about":[{"href":"https:\/\/wtcv.net\/commerce\/wp-json\/wp\/v2\/types\/page"}],"author":[{"embeddable":true,"href":"https:\/\/wtcv.net\/commerce\/wp-json\/wp\/v2\/users\/1"}],"replies":[{"embeddable":true,"href":"https:\/\/wtcv.net\/commerce\/wp-json\/wp\/v2\/comments?post=2"}],"version-history":[{"count":3,"href":"https:\/\/wtcv.net\/commerce\/wp-json\/wp\/v2\/pages\/2\/revisions"}],"predecessor-version":[{"id":73,"href":"https:\/\/wtcv.net\/commerce\/wp-json\/wp\/v2\/pages\/2\/revisions\/73"}],"wp:attachment":[{"href":"https:\/\/wtcv.net\/commerce\/wp-json\/wp\/v2\/media?parent=2"}],"curies":[{"name":"wp","href":"https:\/\/api.w.org\/{rel}","templated":true}]}}