{"id":23,"date":"2018-11-06T21:48:09","date_gmt":"2018-11-07T01:48:09","guid":{"rendered":"https:\/\/wtcv.net\/commerce\/?page_id=23"},"modified":"2023-04-15T19:29:31","modified_gmt":"2023-04-15T23:29:31","slug":"bienvenida","status":"publish","type":"page","link":"https:\/\/wtcv.net\/commerce\/","title":{"rendered":"Bienvenido"},"content":{"rendered":"<p><img loading=\"lazy\" decoding=\"async\" class=\"size-medium wp-image-90 aligncenter\" src=\"https:\/\/wtcv.net\/commerce\/wp-content\/uploads\/2019\/02\/digital-signage-300x300-300x300.png\" alt=\"\" width=\"300\" height=\"300\" srcset=\"https:\/\/wtcv.net\/commerce\/wp-content\/uploads\/2019\/02\/digital-signage-300x300-300x300.png 300w, https:\/\/wtcv.net\/commerce\/wp-content\/uploads\/2019\/02\/digital-signage-300x300-150x150.png 150w, https:\/\/wtcv.net\/commerce\/wp-content\/uploads\/2019\/02\/digital-signage-300x300-768x768.png 768w, https:\/\/wtcv.net\/commerce\/wp-content\/uploads\/2019\/02\/digital-signage-300x300-241x241.png 241w, https:\/\/wtcv.net\/commerce\/wp-content\/uploads\/2019\/02\/digital-signage-300x300-530x530.png 530w, https:\/\/wtcv.net\/commerce\/wp-content\/uploads\/2019\/02\/digital-signage-300x300-100x100.png 100w, https:\/\/wtcv.net\/commerce\/wp-content\/uploads\/2019\/02\/digital-signage-300x300.png 900w\" sizes=\"auto, (max-width: 300px) 100vw, 300px\" \/><img loading=\"lazy\" decoding=\"async\" class=\"alignnone size-medium wp-image-3198 aligncenter\" src=\"https:\/\/wtcv.net\/commerce\/wp-content\/uploads\/2023\/04\/visa-mastercard-logos-300x100.png\" alt=\"\" width=\"300\" height=\"100\" srcset=\"https:\/\/wtcv.net\/commerce\/wp-content\/uploads\/2023\/04\/visa-mastercard-logos-300x100.png 300w, https:\/\/wtcv.net\/commerce\/wp-content\/uploads\/2023\/04\/visa-mastercard-logos-768x256.png 768w, https:\/\/wtcv.net\/commerce\/wp-content\/uploads\/2023\/04\/visa-mastercard-logos-241x80.png 241w, https:\/\/wtcv.net\/commerce\/wp-content\/uploads\/2023\/04\/visa-mastercard-logos-530x177.png 530w, https:\/\/wtcv.net\/commerce\/wp-content\/uploads\/2023\/04\/visa-mastercard-logos.png 960w\" sizes=\"auto, (max-width: 300px) 100vw, 300px\" \/><img loading=\"lazy\" decoding=\"async\" class=\"size-medium wp-image-86 aligncenter\" src=\"https:\/\/wtcv.net\/commerce\/wp-content\/uploads\/2019\/02\/paypal-acepted-300x86.jpg\" alt=\"\" width=\"300\" height=\"86\" srcset=\"https:\/\/wtcv.net\/commerce\/wp-content\/uploads\/2019\/02\/paypal-acepted-300x86.jpg 300w, https:\/\/wtcv.net\/commerce\/wp-content\/uploads\/2019\/02\/paypal-acepted-768x220.jpg 768w, https:\/\/wtcv.net\/commerce\/wp-content\/uploads\/2019\/02\/paypal-acepted-1024x293.jpg 1024w, https:\/\/wtcv.net\/commerce\/wp-content\/uploads\/2019\/02\/paypal-acepted-241x69.jpg 241w, https:\/\/wtcv.net\/commerce\/wp-content\/uploads\/2019\/02\/paypal-acepted-530x152.jpg 530w, https:\/\/wtcv.net\/commerce\/wp-content\/uploads\/2019\/02\/paypal-acepted.jpg 1124w\" sizes=\"auto, (max-width: 300px) 100vw, 300px\" \/><\/p>\n\n\n<p class=\"wp-block-paragraph\">Desde este sitio de comercio electr\u00f3nico Usted podr\u00e1, con toda la comodidad y confianza, ordenar la creaci\u00f3n de sus spots , pautar su publicaci\u00f3n en WTC Valencia y pagar los servicios audiovisuales contratados a Proesa Eventos, C.A. Venezuela.<\/p>\n","protected":false},"excerpt":{"rendered":"<p>Desde este sitio de comercio electr\u00f3nico Usted podr\u00e1, con toda la comodidad y confianza, ordenar la creaci\u00f3n de sus spots , pautar su publicaci\u00f3n en WTC Valencia y pagar los servicios audiovisuales contratados a Proesa Eventos, C.A. Venezuela.<\/p>\n","protected":false},"author":1,"featured_media":0,"parent":0,"menu_order":0,"comment_status":"closed","ping_status":"closed","template":"template-homepage.php","meta":{"_crdt_document":"","footnotes":""},"class_list":["post-23","page","type-page","status-publish","hentry"],"_links":{"self":[{"href":"https:\/\/wtcv.net\/commerce\/wp-json\/wp\/v2\/pages\/23","targetHints":{"allow":["GET"]}}],"collection":[{"href":"https:\/\/wtcv.net\/commerce\/wp-json\/wp\/v2\/pages"}],"about":[{"href":"https:\/\/wtcv.net\/commerce\/wp-json\/wp\/v2\/types\/page"}],"author":[{"embeddable":true,"href":"https:\/\/wtcv.net\/commerce\/wp-json\/wp\/v2\/users\/1"}],"replies":[{"embeddable":true,"href":"https:\/\/wtcv.net\/commerce\/wp-json\/wp\/v2\/comments?post=23"}],"version-history":[{"count":13,"href":"https:\/\/wtcv.net\/commerce\/wp-json\/wp\/v2\/pages\/23\/revisions"}],"predecessor-version":[{"id":3200,"href":"https:\/\/wtcv.net\/commerce\/wp-json\/wp\/v2\/pages\/23\/revisions\/3200"}],"wp:attachment":[{"href":"https:\/\/wtcv.net\/commerce\/wp-json\/wp\/v2\/media?parent=23"}],"curies":[{"name":"wp","href":"https:\/\/api.w.org\/{rel}","templated":true}]}}