{"id":140,"date":"2019-11-16T14:09:25","date_gmt":"2019-11-16T18:09:25","guid":{"rendered":"https:\/\/wtcv.net\/commerce\/?post_type=product&#038;p=140"},"modified":"2023-04-15T18:31:20","modified_gmt":"2023-04-15T22:31:20","slug":"publicacion-de-logo-en-circuitos-idm-en-wtc-valencia-zona-d","status":"publish","type":"product","link":"https:\/\/wtcv.net\/commerce\/product\/publicacion-de-logo-en-circuitos-idm-en-wtc-valencia-zona-d\/","title":{"rendered":"Publicaci\u00f3n de Logotipo en Circuitos IDM en WTC Valencia Zona D"},"content":{"rendered":"<p>Reproducci\u00f3n diaria de su logotipo o flyer de 180 veces aproximadamente en horario de 5 am a 12 pm en con 30 segundos de duraci\u00f3n cada vez para cada una de las Nueve Pantallas LED de 50\u2033 y 60\u2033 ubicadas en los sitios m\u00e1s estrat\u00e9gicos del Complejo WTC Valencia, Centro de Convenciones y Hotel Hesperia-WTC.<br \/>\nSu imagen debe ser de dimensiones proporcionales a 320 x 480 p\u00edxeles en aspecto vertical. Monto trimestral.<\/p>\n","protected":false},"excerpt":{"rendered":"<p>Flyer o Logo con dimensi\u00f3n en pantallla de 13&#8243; diagonales<\/p>\n","protected":false},"featured_media":137,"comment_status":"open","ping_status":"closed","template":"","meta":{"_crdt_document":""},"product_brand":[],"product_cat":[18],"product_tag":[41,40,42],"class_list":{"0":"post-140","1":"product","2":"type-product","3":"status-publish","4":"has-post-thumbnail","6":"product_cat-idm-wtc-valencia","7":"product_tag-digital-signage","8":"product_tag-idm","9":"product_tag-zona-d","11":"first","12":"instock","13":"shipping-taxable","14":"purchasable","15":"product-type-simple"},"_links":{"self":[{"href":"https:\/\/wtcv.net\/commerce\/wp-json\/wp\/v2\/product\/140","targetHints":{"allow":["GET"]}}],"collection":[{"href":"https:\/\/wtcv.net\/commerce\/wp-json\/wp\/v2\/product"}],"about":[{"href":"https:\/\/wtcv.net\/commerce\/wp-json\/wp\/v2\/types\/product"}],"replies":[{"embeddable":true,"href":"https:\/\/wtcv.net\/commerce\/wp-json\/wp\/v2\/comments?post=140"}],"wp:featuredmedia":[{"embeddable":true,"href":"https:\/\/wtcv.net\/commerce\/wp-json\/wp\/v2\/media\/137"}],"wp:attachment":[{"href":"https:\/\/wtcv.net\/commerce\/wp-json\/wp\/v2\/media?parent=140"}],"wp:term":[{"taxonomy":"product_brand","embeddable":true,"href":"https:\/\/wtcv.net\/commerce\/wp-json\/wp\/v2\/product_brand?post=140"},{"taxonomy":"product_cat","embeddable":true,"href":"https:\/\/wtcv.net\/commerce\/wp-json\/wp\/v2\/product_cat?post=140"},{"taxonomy":"product_tag","embeddable":true,"href":"https:\/\/wtcv.net\/commerce\/wp-json\/wp\/v2\/product_tag?post=140"}],"curies":[{"name":"wp","href":"https:\/\/api.w.org\/{rel}","templated":true}]}}